{"id":4763,"date":"2021-06-21T13:21:29","date_gmt":"2021-06-21T16:21:29","guid":{"rendered":"http:\/\/blog.scielo.org\/es\/?page_id=4763"},"modified":"2021-08-06T16:25:59","modified_gmt":"2021-08-06T19:25:59","slug":"reglas-para-la-publicacion","status":"publish","type":"page","link":"https:\/\/blog.scielo.org\/es\/sobre\/reglas-para-la-publicacion\/","title":{"rendered":"Reglas para la publicaci\u00f3n"},"content":{"rendered":"<p><strong>Versi\u00f3n agosto 2021<\/strong><\/p>\n<h3>Alcance y pol\u00edtica<\/h3>\n<p>El blog <strong>SciELO en perspectiva | General<\/strong> publica <em>posts<\/em> sobre comunicaci\u00f3n cient\u00edfica y temas relacionados, tales como: indexaci\u00f3n de revistas, bibliometr\u00eda, cienciometr\u00eda, gesti\u00f3n de revistas y procesos editoriales, formaci\u00f3n y actualizaci\u00f3n en publicaci\u00f3n cient\u00edfica, marketing y difusi\u00f3n, redes sociales, pol\u00edticas p\u00fablicas de apoyo a la investigaci\u00f3n y la comunicaci\u00f3n cient\u00edfica, acceso abierto, etc.<\/p>\n<p>El objetivo del blog SciELO en Perspectiva es compartir informaci\u00f3n y conocimiento orientado al desarrollo de la comunicaci\u00f3n cient\u00edfica, en particular, de las revistas SciELO, de las colecciones nacionales y del Programa y Red SciELO en su conjunto. Tambi\u00e9n promueve el movimiento de acceso abierto hacia el conocimiento cient\u00edfico. La perspectiva es que el blog se convierta en un veh\u00edculo de referencia para la comunidad relacionada con SciELO y la comunicaci\u00f3n y evaluaci\u00f3n de la investigaci\u00f3n cient\u00edfica.<\/p>\n<p>El blog SciELO en Perspectiva est\u00e1 abierto a la colaboraci\u00f3n de editores, investigadores, profesionales y estudiantes de la informaci\u00f3n y la comunicaci\u00f3n cient\u00edfica. Puede ser un colaborador ocasional o sistem\u00e1tico, enviando art\u00edculos, rese\u00f1as de art\u00edculos, opiniones, noticias y comentarios.<\/p>\n<h3>Forma y preparaci\u00f3n de manuscritos<\/h3>\n<h4>Autor\u00eda<\/h4>\n<p>Los autores deben enviar, con la publicaci\u00f3n, una foto y un mini curr\u00edculum (hasta 100 palabras) de cada autor para su inserci\u00f3n al final de la publicaci\u00f3n.<\/p>\n<h4>Resumen<\/h4>\n<p>Las publicaciones deben enviarse con un resumen escrito en hasta 350 caracteres con espacios o 50 palabras, que debe ser atractivo y estimular la lectura completa del texto.<\/p>\n<h4>Im\u00e1genes<\/h4>\n<p>Las im\u00e1genes pueden ser indicadas por el autor teniendo en cuenta sus derechos y atribuciones. Todas las im\u00e1genes publicadas en el blog SciELO en Perspectiva deben ser gratuitas para su publicaci\u00f3n o, cuando este no es el caso, debe tener un permiso formal del titular de los derechos de autor de la imagen para su publicaci\u00f3n en nuestro blog. Las im\u00e1genes deben enviarse en alta resoluci\u00f3n.<\/p>\n<p>Cuando no hay sugerencia de imagen para ser utilizada en el post, se utilizan im\u00e1genes con licencia CC-BY, buscadas en bancos de im\u00e1genes que permiten su libre uso. Algunas tambi\u00e9n son construidas y\/o ensambladas por el equipo de SciELO.<\/p>\n<p>En el post tambi\u00e9n puede haber otras im\u00e1genes seg\u00fan el contenido a publicar (tablas, gr\u00e1ficos, ilustraciones, etc.). Cuando corresponda, la leyenda debe aparecer justo debajo de la imagen.<\/p>\n<h4>Introducci\u00f3n para entrevistas<\/h4>\n<p>La <em>introducci\u00f3n<\/em> (o <em>lead<\/em>) es la primera parte de una historia, su apertura, generalmente colocada en una prominencia relativa, brinda al lector informaci\u00f3n b\u00e1sica sobre el tema y tiene la intenci\u00f3n de mantener su inter\u00e9s. Es una expresi\u00f3n en ingl\u00e9s que significa &#8220;gu\u00eda&#8221; o &#8220;lo que viene despu\u00e9s&#8221;. En el blog <strong>SciELO en Perspectiva | General<\/strong>, la gu\u00eda solo se utiliza para entrevistas y su funci\u00f3n principal es proporcionar una vista previa, como la descripci\u00f3n de una imagen, por ejemplo, del tema a cubrir o, en el blog, sobre la entrevista y el entrevistado.<\/p>\n<p>Tiene en su estructura los principales hechos expuestos en el primer p\u00e1rrafo, con el fin de ofrecer un resumen claro y objetivo al lector. La introducci\u00f3n debe ser m\u00e1s objetiva, evitando la subjetividad y centr\u00e1ndose m\u00e1s en la precisi\u00f3n, el lenguaje claro y sencillo. Sin embargo, esto no significa que la introducci\u00f3n deba ser burocr\u00e1tica. El lector gana inter\u00e9s en la entrevista cuando la introducci\u00f3n est\u00e1 bien pensada y es coherente.<\/p>\n<h4>Notas<\/h4>\n<p>Como los textos publicados en el blog SciELO em Perspectiva tienen un car\u00e1cter m\u00e1s period\u00edstico, no trabajamos con las citas de referencias en el texto de la misma manera que lo hacemos con las citas de referencias en los art\u00edculos cient\u00edficos. Las referencias bibliogr\u00e1ficas s\u00f3lo se insertan como notas cuando hay una cita directa, por ejemplo:<\/p>\n<p>Entre ellos, Ross-Hellauer, en el art\u00edculo &#8220;<em><a href=\"https:\/\/f1000research.com\/articles\/6-588\/v1\">What is open peer review? A systematic review<\/a><\/em>&#8220;1 publicado en F1000, quien se enfoc\u00f3 en dar a conocer la identidad de autores y \u00e1rbitros, una mayor interacci\u00f3n entre los actores involucrados en el proceso y publicaci\u00f3n de opiniones, as\u00ed como los innumerables resultados posibles que surgen de la combinaci\u00f3n de estas variables.<\/p>\n<p>La informaci\u00f3n adicional al texto tambi\u00e9n se considera notas; en la verificaci\u00f3n del contenido, se han seleccionado y mantenido cuando hay informaci\u00f3n relevante en el texto y se cita directamente.<\/p>\n<h4>Referencias<\/h4>\n<p>Las referencias bibliogr\u00e1ficas en todas las publicaciones siguen el modelo est\u00e1ndar ISO adaptado a las necesidades del blog SciELO en Perspectiva. Siempre que sea posible, pedimos a los autores que env\u00eden referencias siguiendo el est\u00e1ndar ISO.<\/p>\n<p>Salvo que se incluya una referencia como nota, como se describe en el apartado anterior, no es necesario hacer referencia al texto, en formato num\u00e9rico o de datos de autor, solo a la lista de referencias, que debe ser v\u00e1lida al final del publicaci\u00f3n.<\/p>\n<p><strong>Publicaci\u00f3n en revista<\/strong><\/p>\n<p>VELTEROP, J. Nanopublications: the future of coping with information overload. <em>Logos <\/em>[online]. 2010, vol. 21, no. 3, pp. 119-122, ISSN: 1550-4267 [viewed 08 February 2015]. <a href=\"https:\/\/doi.org\/10.1163\/095796511X560006\">https:\/\/doi.org\/10.1163\/095796511X560006<\/a>. Available from: <a href=\"https:\/\/www.researchgate.net\/publication\/266892923_Nanopublications_The_Future_of_Coping_with_Information_Overload\">https:\/\/www.researchgate.net\/publication\/266892923_Nanopublications_The_Future_of_Coping_with_Information_Overload<\/a><u> <\/u><\/p>\n<p><strong>Publicaci\u00f3n en Servidor de preprint<\/strong><\/p>\n<p>LARIVIERE, V., et al. A simple proposal for the publication of journal citation distributions [online]. <em>bioRxiv<\/em>. 2016. [viewed on 24 January 2017]. <a href=\"https:\/\/doi.org\/10.1101\/062109\">https:\/\/doi.org\/10.1101\/062109<\/a>. Available from: <a href=\"http:\/\/biorxiv.org\/content\/early\/2017\/01\/19\/100784\">http:\/\/biorxiv.org\/content\/early\/2017\/01\/19\/100784<\/a><u> <\/u><\/p>\n<p><strong>Publicaci\u00f3n en libro o monograf\u00eda<\/strong><\/p>\n<p>FREDRIKSSON, E.H. (ed.) A century of science publishing: a collection of essays. Amsterdam: IOS Press, 2001.<\/p>\n<p><strong>Publicaci\u00f3n en cap\u00edtulo de libro o monograf\u00eda<\/strong><\/p>\n<p>FREDRIKSSON, E.H. <em>The Dutch Publishing Scene:<\/em> Elsevier and North-Holland. In: FREDRIKSSON, E.H. (ed.) A century of science publishing: a collection of essays. Amsterdam: IOS Press, 2001.<\/p>\n<p><strong>Publicaci\u00f3n en sitio web<\/strong><\/p>\n<p>CURRY, S. Peer review is essential to good science \u2013 it\u2019s time to credit expert reviewers [online]. The Guardian. 2017 [viewed 11 September 2017]. Available from: <a href=\"https:\/\/www.theguardian.com\/science\/2017\/jun\/01\/peer-review-is-essential-to-good-science-its-time-to-credit-expert-reviewers\/\">https:\/\/www.theguardian.com\/science\/2017\/jun\/01\/peer-review-is-essential-to-good-science-its-time-to-credit-expert-reviewers\/<\/a><u> <\/u><\/p>\n<p><strong>Publicaci\u00f3n en blog <\/strong><\/p>\n<p>VELTEROP, J. O melhor de dois mundos [online]. <em>SciELO em Perspectiva<\/em>, 2016 [viewed 24 January 2017]. Available from: <a href=\"http:\/\/blog.scielo.org\/blog\/2016\/06\/13\/o-melhor-de-dois-mundos\/\">http:\/\/blog.scielo.org\/blog\/2016\/06\/13\/o-melhor-de-dois-mundos\/<\/a><u> <\/u><\/p>\n<p><strong>Enlaces externos<\/strong><\/p>\n<p>Los links (enlaces) externos son generalmente direcciones de sitios web relacionados con la publicaci\u00f3n, pero que no tienen un contenido espec\u00edfico escrito de manera que constituya una referencia bibliogr\u00e1fica. Est\u00e1n debajo de las referencias con un t\u00edtulo y la URL proporcionada justo debajo. Ejemplos:<\/p>\n<ul>\n<li>COPE \u2013 Commitee on Publication Ethics: <a href=\"http:\/\/publicationethics.org\/\">http:\/\/publicationethics.org\/<\/a><\/li>\n<li>ICMJE \u2013 International Committee of Medical Journal Editors: <a href=\"http:\/\/www.icmje.org\/\">http:\/\/www.icmje.org\/<\/a><\/li>\n<\/ul>\n<h3>Env\u00edo de posts<\/h3>\n<p>El env\u00edo de propuestas de posts debe realizarse por correo electr\u00f3nico directamente por los autores a trav\u00e9s de la direcci\u00f3n blog.scielo@scielo.org. La publicaci\u00f3n del post est\u00e1 sujeta a la aprobaci\u00f3n del editor en jefe.<\/p>\n<h3>Revisi\u00f3n, preparaci\u00f3n y traducci\u00f3n<\/h3>\n<p>Las posts aprobados para publicaci\u00f3n est\u00e1n sujetos a revisiones menores y a la normalizaci\u00f3n de notas y referencias, con el fin de adaptar el texto a las normas del blog. Esto incluye los puntos enumerados anteriormente y ajustes menores de vocabulario, como el uso de &#8220;peri\u00f3dico&#8221; en lugar de &#8220;revista&#8221; y &#8220;evaluaci\u00f3n por pares&#8221; en lugar de &#8220;revisi\u00f3n por pares&#8221;.<\/p>\n<p>Cuando corresponda, el texto completo ser\u00e1 publicado y traducido a los tres idiomas (portugu\u00e9s, ingl\u00e9s y espa\u00f1ol). Todas las publicaciones tendr\u00e1n la introducci\u00f3n (t\u00edtulo y resumen) publicada en los tres idiomas.<\/p>\n<h3>Re-publicaci\u00f3n<\/h3>\n<p>El blog <strong>SciELO en Perspectiva | General<\/strong> tambi\u00e9n vuelve a publicar publicaciones de otros veh\u00edculos, como <a href=\"https:\/\/blogs.lse.ac.uk\/impactofsocialsciences\/\">LSE Impact Blog<\/a>. Para hacerlo, es suficiente que est\u00e9n bajo una licencia CC-BY o que se obtenga el permiso adecuado para volver a publicar.<\/p>\n","protected":false},"excerpt":{"rendered":"<p>Versi\u00f3n agosto 2021 Alcance y pol\u00edtica El blog SciELO en perspectiva | General publica posts sobre comunicaci\u00f3n cient\u00edfica y temas <span class=\"ellipsis\">&hellip;<\/span> <span class=\"more-link-wrap\"><a href=\"https:\/\/blog.scielo.org\/es\/sobre\/reglas-para-la-publicacion\/\" class=\"more-link\"><span>Read More &rarr;<\/span><\/a><\/span><\/p>\n","protected":false},"author":5,"featured_media":0,"parent":9,"menu_order":0,"comment_status":"closed","ping_status":"closed","template":"","meta":{"om_disable_all_campaigns":false,"_monsterinsights_skip_tracking":false,"_monsterinsights_sitenote_active":false,"_monsterinsights_sitenote_note":"","_monsterinsights_sitenote_category":0,"footnotes":"","_links_to":"","_links_to_target":""},"class_list":["post-4763","page","type-page","status-publish","hentry"],"aioseo_notices":[],"_links":{"self":[{"href":"https:\/\/blog.scielo.org\/es\/wp-json\/wp\/v2\/pages\/4763","targetHints":{"allow":["GET"]}}],"collection":[{"href":"https:\/\/blog.scielo.org\/es\/wp-json\/wp\/v2\/pages"}],"about":[{"href":"https:\/\/blog.scielo.org\/es\/wp-json\/wp\/v2\/types\/page"}],"author":[{"embeddable":true,"href":"https:\/\/blog.scielo.org\/es\/wp-json\/wp\/v2\/users\/5"}],"replies":[{"embeddable":true,"href":"https:\/\/blog.scielo.org\/es\/wp-json\/wp\/v2\/comments?post=4763"}],"version-history":[{"count":2,"href":"https:\/\/blog.scielo.org\/es\/wp-json\/wp\/v2\/pages\/4763\/revisions"}],"predecessor-version":[{"id":4818,"href":"https:\/\/blog.scielo.org\/es\/wp-json\/wp\/v2\/pages\/4763\/revisions\/4818"}],"up":[{"embeddable":true,"href":"https:\/\/blog.scielo.org\/es\/wp-json\/wp\/v2\/pages\/9"}],"wp:attachment":[{"href":"https:\/\/blog.scielo.org\/es\/wp-json\/wp\/v2\/media?parent=4763"}],"curies":[{"name":"wp","href":"https:\/\/api.w.org\/{rel}","templated":true}]}}