{"id":322,"date":"2013-08-16T13:52:53","date_gmt":"2013-08-16T16:52:53","guid":{"rendered":"http:\/\/blog.scielo.org\/es\/?page_id=322"},"modified":"2020-06-29T14:13:11","modified_gmt":"2020-06-29T17:13:11","slug":"newsletter-numeros","status":"publish","type":"page","link":"https:\/\/blog.scielo.org\/es\/newsletter\/newsletter-numeros\/","title":{"rendered":"Newsletter &#8211; N\u00fameros"},"content":{"rendered":"<h4>En 2019 cambiamos el formato de difusi\u00f3n del bolet\u00edn <strong>SciELO en Perspectiva<\/strong>; ya no publicamos en ediciones y comenzamos a publicar continuamente.<\/h4>\n<p><strong>Las siguientes son las ediciones anteriores a 2019:<\/strong><\/p>\n<p><a href=\"http:\/\/eepurl.com\/gbXoLr\" target=\"_blank\" rel=\"noopener noreferrer\">Newsletter SciELO en Perspectiva No. 41 | 20\/12\/2018<\/a><\/p>\n<p><a href=\"http:\/\/eepurl.com\/dHvOCr\" target=\"_blank\" rel=\"noopener noreferrer\">Newsletter SciELO en Perspectiva No. 40 | 18\/09\/2018<\/a><\/p>\n<p><a href=\"http:\/\/eepurl.com\/dCmS05\" target=\"_blank\" rel=\"noopener noreferrer\">Newsletter SciELO en Perspectiva No. 39 | 01\/08\/2018<\/a><\/p>\n<p><a href=\"http:\/\/eepurl.com\/dxBuHf\" target=\"_blank\" rel=\"noopener noreferrer\">Newsletter SciELO en Perspectiva No. 38 | 11\/06\/2018<\/a><\/p>\n<p><a href=\"http:\/\/eepurl.com\/dpylGH\" target=\"_blank\" rel=\"noopener noreferrer\">Newsletter SciELO en Perspectiva No. 37 | 28\/03\/2018<\/a><\/p>\n<p><a href=\"http:\/\/eepurl.com\/dlozur\" target=\"_blank\" rel=\"noopener noreferrer\">Newsletter SciELO en Perspectiva No. 36 | 23\/02\/2018<\/a><\/p>\n<p><a href=\"http:\/\/eepurl.com\/dgOshj\" target=\"_blank\" rel=\"noopener noreferrer\">Newsletter SciELO en Perspectiva No. 35 | 10\/01\/2018<\/a><\/p>\n<p><a href=\"http:\/\/eepurl.com\/c-Do2X\" target=\"_blank\" rel=\"noopener noreferrer\">Newsletter SciELO en Perspectiva No. 34 | 10\/11\/2017<\/a><\/p>\n<p><a href=\"http:\/\/eepurl.com\/c1wOoP\" target=\"_blank\" rel=\"noopener noreferrer\">Newsletter SciELO en Perspectiva No. 33\u00a0| 30\/08\/2017<\/a><\/p>\n<p><a href=\"http:\/\/eepurl.com\/cSwznn\" target=\"_blank\" rel=\"noopener noreferrer\">Newsletter SciELO en Perspectiva No. 32\u00a0| 20\/06\/2017<\/a><\/p>\n<p><a href=\"http:\/\/eepurl.com\/cDgheL\" target=\"_blank\" rel=\"noopener noreferrer\">Newsletter SciELO en Perspectiva No. 31\u00a0| 22\/02\/2017<\/a><\/p>\n<p><a href=\"http:\/\/eepurl.com\/cuDD09\" target=\"_blank\" rel=\"noopener noreferrer\">Newsletter SciELO en Perspectiva No. 30\u00a0| 22\/12\/2016<\/a><\/p>\n<p><a href=\"http:\/\/eepurl.com\/cg6CMD\" target=\"_blank\" rel=\"noopener noreferrer\">Newsletter SciELO en Perspectiva No. 29 | 23\/09\/2016<\/a><\/p>\n<p><a href=\"http:\/\/eepurl.com\/b7cjaj\" target=\"_blank\" rel=\"noopener noreferrer\">Newsletter SciELO en Perspectiva No. 28 | 04\/07\/2016<\/a><\/p>\n<p><a href=\"http:\/\/eepurl.com\/b1gnuD\" target=\"_blank\" rel=\"noopener noreferrer\">Newsletter SciELO en Perspectiva No. 27 | 10\/05\/2016<\/a><\/p>\n<p><a title=\"Newsletter SciELO en Perspectiva No. 22 | 12\/05\/2015\" href=\"http:\/\/eepurl.com\/bTHkTn\" target=\"_blank\" rel=\"noopener noreferrer\">Newsletter SciELO en Perspectiva No. 26 | 11\/03\/2016<\/a><\/p>\n<p><a title=\"Newsletter SciELO en Perspectiva No. 22 | 12\/05\/2015\" href=\"http:\/\/eepurl.com\/bL9Gzr\" target=\"_blank\" rel=\"noopener noreferrer\">Newsletter SciELO en Perspectiva No. 25 | 08\/01\/2016<\/a><\/p>\n<p><a title=\"Newsletter SciELO en Perspectiva No. 22 | 12\/05\/2015\" href=\"http:\/\/eepurl.com\/bv0Z59\" target=\"_blank\" rel=\"noopener noreferrer\">Newsletter SciELO en Perspectiva No. 24 | 25\/08\/2015<\/a><\/p>\n<p><a title=\"Newsletter SciELO en Perspectiva No. 22 | 12\/05\/2015\" href=\"http:\/\/eepurl.com\/br_bAX\" target=\"_blank\" rel=\"noopener noreferrer\">Newsletter SciELO en Perspectiva No. 23 | 07\/07\/2015<\/a><\/p>\n<p><a title=\"Newsletter SciELO en Perspectiva No. 22 | 12\/05\/2015\" href=\"http:\/\/eepurl.com\/bm8OYb\" target=\"_blank\" rel=\"noopener noreferrer\">Newsletter SciELO en Perspectiva No. 22 | 12\/05\/2015<\/a><\/p>\n<p><a title=\"Newsletter SciELO en Perspectiva No. 21 | 02\/04\/2015\" href=\"http:\/\/eepurl.com\/biN3Xf\" target=\"_blank\" rel=\"noopener noreferrer\">Newsletter SciELO en Perspectiva No. 21 | 02\/04\/2015<\/a><\/p>\n<p><a title=\"Newsletter SciELO en Perspectiva No. 20 | 06\/03\/2015\" href=\"http:\/\/eepurl.com\/bgb7b1\" target=\"_blank\" rel=\"noopener noreferrer\">Newsletter SciELO en Perspectiva No. 20\u00a0| 06\/03\/2015<\/a><\/p>\n<p><a title=\"Newsletter SciELO en Perspectiva No. 19 | 06\/02\/2015\" href=\"http:\/\/eepurl.com\/bccLbL\" target=\"_blank\" rel=\"noopener noreferrer\">Newsletter SciELO en Perspectiva No. 19 | 06\/02\/2015<\/a><\/p>\n<p><a title=\"Newsletter SciELO en Perspectiva No. 18 | 16\/12\/2014\" href=\"http:\/\/eepurl.com\/9U9x9\" target=\"_blank\" rel=\"noopener noreferrer\">Newsletter SciELO en Perspectiva No. 18 | 16\/12\/2014<\/a><\/p>\n<p><a title=\"Newsletter SciELO en Perspectiva No. 17 | 05\/11\/2014\" href=\"http:\/\/eepurl.com\/6-hs1\" target=\"_blank\" rel=\"noopener noreferrer\">Newsletter SciELO en Perspectiva No. 17 | 05\/11\/2014<\/a><\/p>\n<p><a title=\"Newsletter SciELO en Perspectiva No. 16 | 03\/10\/2014\" href=\"http:\/\/eepurl.com\/4EIMX\" target=\"_blank\" rel=\"noopener noreferrer\">Newsletter SciELO en Perspectiva No. 16 | 03\/10\/2014<\/a><\/p>\n<p><a title=\"Newsletter SciELO en Perspectiva No. 15 | 29\/08\/2014\" href=\"http:\/\/eepurl.com\/1Od-z\" target=\"_blank\" rel=\"noopener noreferrer\">Newsletter SciELO en Perspectiva No. 15 | 29\/08\/2014<\/a><\/p>\n<p><a title=\"Newsletter SciELO en Perspectiva No. 14 | 22\/07\/2014\" href=\"http:\/\/eepurl.com\/ZumYj\" target=\"_blank\" rel=\"noopener noreferrer\">Newsletter SciELO en Perspectiva No. 14 | 22\/07\/2014<\/a><\/p>\n<p><a title=\"Newsletter SciELO en Perspectiva No. 13 | 17\/06\/2014\" href=\"http:\/\/eepurl.com\/Wb7HT\" target=\"_blank\" rel=\"noopener noreferrer\">Newsletter SciELO en Perspectiva No. 13 | 17\/06\/2014<\/a><\/p>\n<p><a title=\"Newsletter SciELO en Perspectiva No. 12 | 05\/05\/2014\" href=\"http:\/\/eepurl.com\/T3NwH\" target=\"_blank\" rel=\"noopener noreferrer\">Newsletter SciELO en Perspectiva No. 12 | 05\/05\/2014<\/a><\/p>\n<p><a title=\"Newsletter SciELO en Perspectiva No. 11 | 05\/04\/2014\" href=\"http:\/\/eepurl.com\/RMmg9\" target=\"_blank\" rel=\"noopener noreferrer\">Newsletter SciELO en Perspectiva No. 11 | 05\/04\/2014<\/a><\/p>\n<p><a title=\"Versi\u00f3n corregida: Newsletter SciELO en Perspectiva No. 10 | 28\/02\/2014\" href=\"http:\/\/eepurl.com\/Pr4Wv\" target=\"_blank\" rel=\"noopener noreferrer\">Newsletter SciELO en Perspectiva No. 10 | 28\/02\/2014<\/a><\/p>\n<p><a title=\"Newsletter SciELO en Perspectiva No. 09 | 16\/01\/2014\" href=\"http:\/\/eepurl.com\/MBVe9\" target=\"_blank\" rel=\"noopener noreferrer\">Newsletter SciELO en Perspectiva No. 09 | 16\/01\/2014<\/a><\/p>\n<p><a title=\"Newsletter SciELO en Perspectiva 08 | 16\/12\/2013\" href=\"http:\/\/eepurl.com\/K0tAL\" target=\"_blank\" rel=\"noopener noreferrer\">Newsletter SciELO en Perspectiva No. 08 | 16\/12\/2013<\/a><\/p>\n<p><a title=\"Newsletter SciELO en Perspectiva No. 07 | 01\/11\/2013\" href=\"http:\/\/eepurl.com\/IiPHT\" target=\"_blank\" rel=\"noopener noreferrer\">Newsletter SciELO en Perspectiva No. 07 | 01\/11\/2013<\/a><\/p>\n<p><a title=\"Newsletter SciELO en Perspectiva No. 06 | 01\/10\/2013\" href=\"http:\/\/eepurl.com\/GhUWL\" target=\"_blank\" rel=\"noopener noreferrer\">Newsletter SciELO en Perspectiva No. 06 | 01\/10\/2013<\/a><\/p>\n<p><a title=\"Newsletter SciELO en Perspectiva No. 05 | 15\/09\/2013\" href=\"http:\/\/eepurl.com\/FyIk1\" target=\"_blank\" rel=\"noopener noreferrer\">Newsletter SciELO en Perspectiva No. 05 | 15\/09\/2013<\/a><\/p>\n<p><a title=\"Newsletter SciELO en Perspectiva No. 04 | 01\/09\/2013\" href=\"http:\/\/eepurl.com\/EE_Jb\" target=\"_blank\" rel=\"noopener noreferrer\">Newsletter SciELO en Perspectiva No. 04 | 01\/09\/2013<\/a><\/p>\n<p><a title=\"Newsletter SciELO en Perspectiva No. 03 | 15\/08\/2013\" href=\"http:\/\/us4.campaign-archive1.com\/?u=f26dcf71797dd37381acb4aa5&amp;id=4d3b8d98fd\" target=\"_blank\" rel=\"noopener noreferrer\">Newsletter SciELO en Perspectiva No. 03 | 15\/08\/2013<\/a><\/p>\n<p><a title=\"Newsletter SciELO en Perspectiva No. 02 | 31\/07\/2013\" href=\"http:\/\/eepurl.com\/Dabk5\" target=\"_blank\" rel=\"noopener noreferrer\">Newsletter SciELO en Perspectiva No. 02 | 31\/07\/2013<\/a><\/p>\n<p><a title=\"Newsletter SciELO en Perspectiva No. 01 | 15\/07\/2013\" href=\"http:\/\/eepurl.com\/Cu56b\" target=\"_blank\" rel=\"noopener noreferrer\">Newsletter SciELO en Perspectiva No. 01 | 15\/07\/2013<\/a><\/p>\n","protected":false},"excerpt":{"rendered":"<p>En 2019 cambiamos el formato de difusi\u00f3n del bolet\u00edn SciELO en Perspectiva; ya no publicamos en ediciones y comenzamos a <span class=\"ellipsis\">&hellip;<\/span> <span class=\"more-link-wrap\"><a href=\"https:\/\/blog.scielo.org\/es\/newsletter\/newsletter-numeros\/\" class=\"more-link\"><span>Read More &rarr;<\/span><\/a><\/span><\/p>\n","protected":false},"author":2,"featured_media":0,"parent":14,"menu_order":3,"comment_status":"closed","ping_status":"closed","template":"","meta":{"om_disable_all_campaigns":false,"_monsterinsights_skip_tracking":false,"_monsterinsights_sitenote_active":false,"_monsterinsights_sitenote_note":"","_monsterinsights_sitenote_category":0,"footnotes":"","_links_to":"","_links_to_target":""},"class_list":["post-322","page","type-page","status-publish","hentry"],"aioseo_notices":[],"_links":{"self":[{"href":"https:\/\/blog.scielo.org\/es\/wp-json\/wp\/v2\/pages\/322","targetHints":{"allow":["GET"]}}],"collection":[{"href":"https:\/\/blog.scielo.org\/es\/wp-json\/wp\/v2\/pages"}],"about":[{"href":"https:\/\/blog.scielo.org\/es\/wp-json\/wp\/v2\/types\/page"}],"author":[{"embeddable":true,"href":"https:\/\/blog.scielo.org\/es\/wp-json\/wp\/v2\/users\/2"}],"replies":[{"embeddable":true,"href":"https:\/\/blog.scielo.org\/es\/wp-json\/wp\/v2\/comments?post=322"}],"version-history":[{"count":47,"href":"https:\/\/blog.scielo.org\/es\/wp-json\/wp\/v2\/pages\/322\/revisions"}],"predecessor-version":[{"id":4550,"href":"https:\/\/blog.scielo.org\/es\/wp-json\/wp\/v2\/pages\/322\/revisions\/4550"}],"up":[{"embeddable":true,"href":"https:\/\/blog.scielo.org\/es\/wp-json\/wp\/v2\/pages\/14"}],"wp:attachment":[{"href":"https:\/\/blog.scielo.org\/es\/wp-json\/wp\/v2\/media?parent=322"}],"curies":[{"name":"wp","href":"https:\/\/api.w.org\/{rel}","templated":true}]}}