{"id":404,"date":"2013-08-16T13:42:29","date_gmt":"2013-08-16T16:42:29","guid":{"rendered":"http:\/\/blog.scielo.org\/en\/?page_id=404"},"modified":"2022-01-05T16:19:05","modified_gmt":"2022-01-05T19:19:05","slug":"newsletter-editorial-team","status":"publish","type":"page","link":"https:\/\/blog.scielo.org\/en\/newsletter\/newsletter-editorial-team\/","title":{"rendered":"Newsletter &#8211; Editorial team"},"content":{"rendered":"<p>Abel L. Packer<br \/>\nAlex Mendon\u00e7a<br \/>\nAmanda Ramalho<br \/>\nCarolina Tanigushi<br \/>\nErnesto Spinak<br \/>\nGiovanna Brito<br \/>\nJan Velterop<br \/>\nLilian Nassi-Cal\u00f2<br \/>\nNicholas Cop<br \/>\nRog\u00e9rio Meneghini<\/p>\n<p><strong>SciELO \u2013 Scientific Electronic Library Online<\/strong><br \/>\nRua Dr. Diogo de Faria, 1087 \u2013 9\u00ba andar \u2013 Vila Clementino<br \/>\n04037-003 S\u00e3o Paulo\/SP &#8211; Brasil<\/p>\n","protected":false},"excerpt":{"rendered":"<p>Abel L. Packer Alex Mendon\u00e7a Amanda Ramalho Carolina Tanigushi Ernesto Spinak Giovanna Brito Jan Velterop Lilian Nassi-Cal\u00f2 Nicholas Cop Rog\u00e9rio <span class=\"ellipsis\">&hellip;<\/span> <span class=\"more-link-wrap\"><a href=\"https:\/\/blog.scielo.org\/en\/newsletter\/newsletter-editorial-team\/\" class=\"more-link\"><span>Read More &rarr;<\/span><\/a><\/span><\/p>\n","protected":false},"author":2,"featured_media":0,"parent":14,"menu_order":2,"comment_status":"closed","ping_status":"closed","template":"","meta":{"footnotes":"","_links_to":"","_links_to_target":""},"class_list":["post-404","page","type-page","status-publish","hentry"],"aioseo_notices":[],"_links":{"self":[{"href":"https:\/\/blog.scielo.org\/en\/wp-json\/wp\/v2\/pages\/404","targetHints":{"allow":["GET"]}}],"collection":[{"href":"https:\/\/blog.scielo.org\/en\/wp-json\/wp\/v2\/pages"}],"about":[{"href":"https:\/\/blog.scielo.org\/en\/wp-json\/wp\/v2\/types\/page"}],"author":[{"embeddable":true,"href":"https:\/\/blog.scielo.org\/en\/wp-json\/wp\/v2\/users\/2"}],"replies":[{"embeddable":true,"href":"https:\/\/blog.scielo.org\/en\/wp-json\/wp\/v2\/comments?post=404"}],"version-history":[{"count":9,"href":"https:\/\/blog.scielo.org\/en\/wp-json\/wp\/v2\/pages\/404\/revisions"}],"predecessor-version":[{"id":4889,"href":"https:\/\/blog.scielo.org\/en\/wp-json\/wp\/v2\/pages\/404\/revisions\/4889"}],"up":[{"embeddable":true,"href":"https:\/\/blog.scielo.org\/en\/wp-json\/wp\/v2\/pages\/14"}],"wp:attachment":[{"href":"https:\/\/blog.scielo.org\/en\/wp-json\/wp\/v2\/media?parent=404"}],"curies":[{"name":"wp","href":"https:\/\/api.w.org\/{rel}","templated":true}]}}